{"id":11250,"date":"2023-02-17T20:45:16","date_gmt":"2023-02-18T04:45:16","guid":{"rendered":"https:\/\/ksimonian.com\/Blog\/?page_id=11250"},"modified":"2024-05-12T18:00:57","modified_gmt":"2024-05-13T02:00:57","slug":"before-and-after-photos-from-around-the-world","status":"publish","type":"page","link":"https:\/\/ksimonian.com\/Blog\/before-and-after-photos-from-around-the-world\/","title":{"rendered":"Before and After Photos from around the World"},"content":{"rendered":"<p style=\"text-align: center;\">It\u2019s not\u00a0guaranteed that every morning in Maui will provide an amazing sunrise, but the chances are pretty good, so I got up early every morning to photograph the sunrise over the beach by our hotel.<\/p>\n<p style=\"text-align: center;\"><img decoding=\"async\" loading=\"lazy\" class=\"aligncenter size-full wp-image-11254\" src=\"https:\/\/ksimonian.com\/Blog\/wp-content\/uploads\/2023\/02\/Hawaii-Sunrise-Luminar3-1.jpg\" alt=\"Hawaii Maui Sunrise with Palm trees - After Photo\" width=\"920\" height=\"620\" srcset=\"https:\/\/ksimonian.com\/Blog\/wp-content\/uploads\/2023\/02\/Hawaii-Sunrise-Luminar3-1.jpg 920w, https:\/\/ksimonian.com\/Blog\/wp-content\/uploads\/2023\/02\/Hawaii-Sunrise-Luminar3-1-300x202.jpg 300w, https:\/\/ksimonian.com\/Blog\/wp-content\/uploads\/2023\/02\/Hawaii-Sunrise-Luminar3-1-768x518.jpg 768w\" sizes=\"(max-width: 920px) 100vw, 920px\" \/><\/p>\n<p style=\"text-align: center;\"><img decoding=\"async\" loading=\"lazy\" class=\"aligncenter size-full wp-image-11253\" src=\"https:\/\/ksimonian.com\/Blog\/wp-content\/uploads\/2023\/02\/Hawaii-Sunrise-1.jpg\" alt=\"Hawaii Maui Sunrise with Palm trees - Before Photo\" width=\"920\" height=\"620\" srcset=\"https:\/\/ksimonian.com\/Blog\/wp-content\/uploads\/2023\/02\/Hawaii-Sunrise-1.jpg 920w, https:\/\/ksimonian.com\/Blog\/wp-content\/uploads\/2023\/02\/Hawaii-Sunrise-1-300x202.jpg 300w, https:\/\/ksimonian.com\/Blog\/wp-content\/uploads\/2023\/02\/Hawaii-Sunrise-1-768x518.jpg 768w\" sizes=\"(max-width: 920px) 100vw, 920px\" \/><\/p>\n<p style=\"text-align: center;\">The fifteen day cruise aboard the Holland America cruise ship Rotterdam started in Montreal Canada, passed around the\u00a0 Southern tip of the United States in Key West Florida, and ended in Tampa Florida. The cruise featured stops in Quebec City, Bar Harbor, Boston, overnight in New York, and Key West.\u00a0 This before and after Luminar 2018 conversion was taken on the St Lawrence river just after leaving port in Montreal Canada.<\/p>\n<p style=\"text-align: center;\"><img decoding=\"async\" loading=\"lazy\" class=\"aligncenter size-full wp-image-11256\" src=\"https:\/\/ksimonian.com\/Blog\/wp-content\/uploads\/2023\/02\/St-Lawrence-River-Luminar-Processed.jpg\" alt=\"Church on opposite side of St. Lawrence river - After image.\" width=\"920\" height=\"620\" srcset=\"https:\/\/ksimonian.com\/Blog\/wp-content\/uploads\/2023\/02\/St-Lawrence-River-Luminar-Processed.jpg 920w, https:\/\/ksimonian.com\/Blog\/wp-content\/uploads\/2023\/02\/St-Lawrence-River-Luminar-Processed-300x202.jpg 300w, https:\/\/ksimonian.com\/Blog\/wp-content\/uploads\/2023\/02\/St-Lawrence-River-Luminar-Processed-768x518.jpg 768w\" sizes=\"(max-width: 920px) 100vw, 920px\" \/><\/p>\n<p style=\"text-align: center;\"><img decoding=\"async\" loading=\"lazy\" class=\"aligncenter size-full wp-image-11255\" src=\"https:\/\/ksimonian.com\/Blog\/wp-content\/uploads\/2023\/02\/St-Lawrence-River.jpg\" alt=\"Church on opposite side of St. Lawrence river - Before image.\" width=\"920\" height=\"620\" srcset=\"https:\/\/ksimonian.com\/Blog\/wp-content\/uploads\/2023\/02\/St-Lawrence-River.jpg 920w, https:\/\/ksimonian.com\/Blog\/wp-content\/uploads\/2023\/02\/St-Lawrence-River-300x202.jpg 300w, https:\/\/ksimonian.com\/Blog\/wp-content\/uploads\/2023\/02\/St-Lawrence-River-768x518.jpg 768w\" sizes=\"(max-width: 920px) 100vw, 920px\" \/><\/p>\n<p style=\"text-align: center;\">Some days the sky is filled with colors during sunset and you can\u2019t take a bad photo. Most other days, the sun just sets, and there is nothing memorable about it. The new Luminar Sky Replacement feature allows you to combine that amazing sunset with the location you photographed. Being that I would only have two days to capture an amazing sunset while staying in Paris, France, the ability to change the sky in Luminar with just a few quick adjustments really comes in handy. I traveled 5,568 miles from California to capture this image, and then used a sky from California to make it look better.<\/p>\n<p style=\"text-align: center;\"><img decoding=\"async\" loading=\"lazy\" class=\"aligncenter size-full wp-image-11262\" src=\"https:\/\/ksimonian.com\/Blog\/wp-content\/uploads\/2023\/02\/British-Isles-Paris-4185A.jpg\" alt=\"Paris France Statue at Sunset - Before Photo with sky replacement.\" width=\"960\" height=\"647\" srcset=\"https:\/\/ksimonian.com\/Blog\/wp-content\/uploads\/2023\/02\/British-Isles-Paris-4185A.jpg 960w, https:\/\/ksimonian.com\/Blog\/wp-content\/uploads\/2023\/02\/British-Isles-Paris-4185A-300x202.jpg 300w, https:\/\/ksimonian.com\/Blog\/wp-content\/uploads\/2023\/02\/British-Isles-Paris-4185A-768x518.jpg 768w\" sizes=\"(max-width: 960px) 100vw, 960px\" \/><\/p>\n<p style=\"text-align: center;\"><img decoding=\"async\" loading=\"lazy\" class=\"aligncenter size-full wp-image-11261\" src=\"https:\/\/ksimonian.com\/Blog\/wp-content\/uploads\/2023\/02\/British-Isles-Paris-4185.jpg\" alt=\"Paris France Statue at Sunset - Before Photo.\" width=\"960\" height=\"647\" srcset=\"https:\/\/ksimonian.com\/Blog\/wp-content\/uploads\/2023\/02\/British-Isles-Paris-4185.jpg 960w, https:\/\/ksimonian.com\/Blog\/wp-content\/uploads\/2023\/02\/British-Isles-Paris-4185-300x202.jpg 300w, https:\/\/ksimonian.com\/Blog\/wp-content\/uploads\/2023\/02\/British-Isles-Paris-4185-768x518.jpg 768w\" sizes=\"(max-width: 960px) 100vw, 960px\" \/><\/p>\n<p style=\"text-align: center;\">This photo from downtown Montreal Canada just a block from the home of the Montreal Canadians shows the straight from the camera image, and the post processed image done in Luminar 2018.<br \/>\nIf you are wondering how to get those wavy streaks of light, the method I used was to pick up the camera off the ground before the shutter had closed. This was done by accident, as I made the image in the area between lanes and I wasn\u2019t able to tell exactly when the exposure was completed.<\/p>\n<p style=\"text-align: center;\"><img decoding=\"async\" loading=\"lazy\" class=\"aligncenter size-full wp-image-11264\" src=\"https:\/\/ksimonian.com\/Blog\/wp-content\/uploads\/2023\/02\/Montreal-Downtown-Light-Streaks.jpg\" alt=\"Downtown Montreal Canada night lights - After Photo.\" width=\"940\" height=\"549\" srcset=\"https:\/\/ksimonian.com\/Blog\/wp-content\/uploads\/2023\/02\/Montreal-Downtown-Light-Streaks.jpg 940w, https:\/\/ksimonian.com\/Blog\/wp-content\/uploads\/2023\/02\/Montreal-Downtown-Light-Streaks-300x175.jpg 300w, https:\/\/ksimonian.com\/Blog\/wp-content\/uploads\/2023\/02\/Montreal-Downtown-Light-Streaks-768x449.jpg 768w\" sizes=\"(max-width: 940px) 100vw, 940px\" \/><\/p>\n<p style=\"text-align: center;\"><img decoding=\"async\" loading=\"lazy\" class=\"aligncenter size-full wp-image-11265\" src=\"https:\/\/ksimonian.com\/Blog\/wp-content\/uploads\/2023\/02\/Montreal-Downtown-Light-Streaks-A.jpg\" alt=\"Downtown Montreal Canada night lights - Before Photo.\" width=\"960\" height=\"560\" srcset=\"https:\/\/ksimonian.com\/Blog\/wp-content\/uploads\/2023\/02\/Montreal-Downtown-Light-Streaks-A.jpg 960w, https:\/\/ksimonian.com\/Blog\/wp-content\/uploads\/2023\/02\/Montreal-Downtown-Light-Streaks-A-300x175.jpg 300w, https:\/\/ksimonian.com\/Blog\/wp-content\/uploads\/2023\/02\/Montreal-Downtown-Light-Streaks-A-768x448.jpg 768w\" sizes=\"(max-width: 960px) 100vw, 960px\" \/><\/p>\n<p style=\"text-align: center;\">Our Holland America cruise line ship docked in Quebec City, Canada on the Saint Lawrence River. As I recall it was about a 30 minute bus ride to the falls. As it was tour provided by the cruise line, we had about 20 minutes at the waterfall stop to see Montmorency falls which is 10 feet taller than Niagara Falls. The 20 minute stopped provided just enough time to walk over to the base of the falls, but not enough time to cross over the suspension bridge which crosses the falls. This before and after Luminar 4 comparison was taken just far enough away from the falls so that the camera lens didn\u2019t get covered with mist.<\/p>\n<p style=\"text-align: center;\"><img decoding=\"async\" loading=\"lazy\" class=\"aligncenter size-full wp-image-11266\" src=\"https:\/\/ksimonian.com\/Blog\/wp-content\/uploads\/2023\/02\/East-Coast-0671A.jpg\" alt=\"Montmorency Falls near Quebec City Canada - After Photo.\" width=\"960\" height=\"647\" srcset=\"https:\/\/ksimonian.com\/Blog\/wp-content\/uploads\/2023\/02\/East-Coast-0671A.jpg 960w, https:\/\/ksimonian.com\/Blog\/wp-content\/uploads\/2023\/02\/East-Coast-0671A-300x202.jpg 300w, https:\/\/ksimonian.com\/Blog\/wp-content\/uploads\/2023\/02\/East-Coast-0671A-768x518.jpg 768w\" sizes=\"(max-width: 960px) 100vw, 960px\" \/><\/p>\n<p style=\"text-align: center;\"><img decoding=\"async\" loading=\"lazy\" class=\"aligncenter size-full wp-image-11267\" src=\"https:\/\/ksimonian.com\/Blog\/wp-content\/uploads\/2023\/02\/East-Coast-0671B.jpg\" alt=\"Montmorency Falls near Quebec City Canada - Before Photo.\" width=\"960\" height=\"647\" srcset=\"https:\/\/ksimonian.com\/Blog\/wp-content\/uploads\/2023\/02\/East-Coast-0671B.jpg 960w, https:\/\/ksimonian.com\/Blog\/wp-content\/uploads\/2023\/02\/East-Coast-0671B-300x202.jpg 300w, https:\/\/ksimonian.com\/Blog\/wp-content\/uploads\/2023\/02\/East-Coast-0671B-768x518.jpg 768w\" sizes=\"(max-width: 960px) 100vw, 960px\" \/><\/p>\n<p style=\"text-align: center;\">Sometimes the sky is rather plain, or sometimes it\u2019s just impossible to capture the stars at night when you exposing the image for the neon lights of London England in one image. Now with the push of a couple buttons, you can combine a night sky full of stars with city lights at night. This image from London England was made in 2016. The stars in the sky that were added using the Luminar 4 AI Sky Replacement tools from an image made in my backyard just a week ago. This is the straight out of the camera image taken at the corner of Euston Rd &amp; A4200 across the street from Prezzo Italian restaurant in London England. The image was captured with a\u00a0Canon EOS 5D Mark II at ISO 200 with a 15 second exposure at f22 at 16mm. The camera was ground level on a 6 inch mini Manfrotto #482 tripod.<\/p>\n<p style=\"text-align: center;\"><img decoding=\"async\" loading=\"lazy\" class=\"aligncenter size-full wp-image-11269\" src=\"https:\/\/ksimonian.com\/Blog\/wp-content\/uploads\/2023\/02\/London-Night.jpg\" alt=\"London England night city lights with Sky Replacement.\" width=\"960\" height=\"639\" srcset=\"https:\/\/ksimonian.com\/Blog\/wp-content\/uploads\/2023\/02\/London-Night.jpg 960w, https:\/\/ksimonian.com\/Blog\/wp-content\/uploads\/2023\/02\/London-Night-300x200.jpg 300w, https:\/\/ksimonian.com\/Blog\/wp-content\/uploads\/2023\/02\/London-Night-768x511.jpg 768w\" sizes=\"(max-width: 960px) 100vw, 960px\" \/><\/p>\n<p style=\"text-align: center;\"><img decoding=\"async\" loading=\"lazy\" class=\"aligncenter size-full wp-image-11270\" src=\"https:\/\/ksimonian.com\/Blog\/wp-content\/uploads\/2023\/02\/London-Night-SOOC.jpg\" alt=\"London England night city lights straight out of the Camera.\" width=\"960\" height=\"639\" srcset=\"https:\/\/ksimonian.com\/Blog\/wp-content\/uploads\/2023\/02\/London-Night-SOOC.jpg 960w, https:\/\/ksimonian.com\/Blog\/wp-content\/uploads\/2023\/02\/London-Night-SOOC-300x200.jpg 300w, https:\/\/ksimonian.com\/Blog\/wp-content\/uploads\/2023\/02\/London-Night-SOOC-768x511.jpg 768w\" sizes=\"(max-width: 960px) 100vw, 960px\" \/><\/p>\n<p style=\"text-align: center;\">The fall colors serve as backdrop for St-Anne de\u00a0Beaupr\u00e9 church in Quebec. ( Here is the original French name in case Google messed up the translation \u2013\u00a0Troisi\u00e8me \u00e9glise,St-Anne de Beaupr\u00e9 )\u00a0 The main stop of our Holland America shore excursion was the\u00a0Basilica of Sainte-Anne-de-Beaupr\u00e9. I just came upon this church during our free time to explore the area.<br \/>\nThese two photos show the after and before photos created with Luminar 4, the Lightroom replacement.<\/p>\n<p style=\"text-align: center;\"><img decoding=\"async\" loading=\"lazy\" class=\"aligncenter size-full wp-image-11273\" src=\"https:\/\/ksimonian.com\/Blog\/wp-content\/uploads\/2023\/02\/East-Coast-0763A.jpg\" alt=\"Stone church surrounded by trees with leaves changing colors - After Photo.\" width=\"960\" height=\"647\" srcset=\"https:\/\/ksimonian.com\/Blog\/wp-content\/uploads\/2023\/02\/East-Coast-0763A.jpg 960w, https:\/\/ksimonian.com\/Blog\/wp-content\/uploads\/2023\/02\/East-Coast-0763A-300x202.jpg 300w, https:\/\/ksimonian.com\/Blog\/wp-content\/uploads\/2023\/02\/East-Coast-0763A-768x518.jpg 768w\" sizes=\"(max-width: 960px) 100vw, 960px\" \/><\/p>\n<p style=\"text-align: center;\"><img decoding=\"async\" loading=\"lazy\" class=\"aligncenter size-full wp-image-11274\" src=\"https:\/\/ksimonian.com\/Blog\/wp-content\/uploads\/2023\/02\/East-Coast-0763B.jpg\" alt=\"Stone church surrounded by trees with leaves changing colors - Before Photo.\" width=\"960\" height=\"647\" srcset=\"https:\/\/ksimonian.com\/Blog\/wp-content\/uploads\/2023\/02\/East-Coast-0763B.jpg 960w, https:\/\/ksimonian.com\/Blog\/wp-content\/uploads\/2023\/02\/East-Coast-0763B-300x202.jpg 300w, https:\/\/ksimonian.com\/Blog\/wp-content\/uploads\/2023\/02\/East-Coast-0763B-768x518.jpg 768w\" sizes=\"(max-width: 960px) 100vw, 960px\" \/><\/p>\n<p style=\"text-align: center;\">The Holland American ship we were cruising the East Coast docked in Halifax, Nova Scotia and then we boarded a bus to visit Peggy\u2019s Cove. To say it was windy there, would be an under statement. Just as we arrived back from the excursion it started to snow in Halifax. Not a problem as we were under cover the whole way back to the ship. Then after a few minutes on the ship the sun was out, and I decided to traverse the waterfront for any interesting photos. After an hour along the shore line I returned to the ship in time to evade and even heavier snow fall.<\/p>\n<p style=\"text-align: center;\"><img decoding=\"async\" loading=\"lazy\" class=\"aligncenter size-full wp-image-11275\" src=\"https:\/\/ksimonian.com\/Blog\/wp-content\/uploads\/2023\/02\/East-Coast-After-Nova-Scotia.jpg\" alt=\"Boats along the water front in Halifax Nova Scotia Canada - After Photo.\" width=\"960\" height=\"647\" srcset=\"https:\/\/ksimonian.com\/Blog\/wp-content\/uploads\/2023\/02\/East-Coast-After-Nova-Scotia.jpg 960w, https:\/\/ksimonian.com\/Blog\/wp-content\/uploads\/2023\/02\/East-Coast-After-Nova-Scotia-300x202.jpg 300w, https:\/\/ksimonian.com\/Blog\/wp-content\/uploads\/2023\/02\/East-Coast-After-Nova-Scotia-768x518.jpg 768w\" sizes=\"(max-width: 960px) 100vw, 960px\" \/><\/p>\n<p style=\"text-align: center;\"><img decoding=\"async\" loading=\"lazy\" class=\"aligncenter size-full wp-image-11276\" src=\"https:\/\/ksimonian.com\/Blog\/wp-content\/uploads\/2023\/02\/East-Coast-Before-Nova-Scotia.jpg\" alt=\"Boats along the water front in Halifax Nova Scotia Canada - Before Photo.\" width=\"960\" height=\"647\" srcset=\"https:\/\/ksimonian.com\/Blog\/wp-content\/uploads\/2023\/02\/East-Coast-Before-Nova-Scotia.jpg 960w, https:\/\/ksimonian.com\/Blog\/wp-content\/uploads\/2023\/02\/East-Coast-Before-Nova-Scotia-300x202.jpg 300w, https:\/\/ksimonian.com\/Blog\/wp-content\/uploads\/2023\/02\/East-Coast-Before-Nova-Scotia-768x518.jpg 768w\" sizes=\"(max-width: 960px) 100vw, 960px\" \/><\/p>\n<p style=\"text-align: center;\">Some areas of the country get dynamic skies such as occurred this day in the San Francisco Bay Area on a regular basis. Not so much in the Bay Area. But this day during an\u00a0\u00a0El Ni\u00f1o winter gave us in the East Bay Area a dramatic sunset over parts of the East Bay area seen from above the Concord Navel Weapons station.<\/p>\n<p style=\"text-align: center;\"><img decoding=\"async\" loading=\"lazy\" class=\"aligncenter size-full wp-image-11277\" src=\"https:\/\/ksimonian.com\/Blog\/wp-content\/uploads\/2023\/02\/MG_3508A.jpg\" alt=\"El Nino winter sky over East Bay Area - After Photo.\" width=\"960\" height=\"613\" srcset=\"https:\/\/ksimonian.com\/Blog\/wp-content\/uploads\/2023\/02\/MG_3508A.jpg 960w, https:\/\/ksimonian.com\/Blog\/wp-content\/uploads\/2023\/02\/MG_3508A-300x192.jpg 300w, https:\/\/ksimonian.com\/Blog\/wp-content\/uploads\/2023\/02\/MG_3508A-768x490.jpg 768w\" sizes=\"(max-width: 960px) 100vw, 960px\" \/><\/p>\n<p style=\"text-align: center;\"><img decoding=\"async\" loading=\"lazy\" class=\"aligncenter size-full wp-image-11278\" src=\"https:\/\/ksimonian.com\/Blog\/wp-content\/uploads\/2023\/02\/MG_3508BB.jpg\" alt=\"El Nino winter sky over East Bay Area - Before Photo.\" width=\"960\" height=\"613\" srcset=\"https:\/\/ksimonian.com\/Blog\/wp-content\/uploads\/2023\/02\/MG_3508BB.jpg 960w, https:\/\/ksimonian.com\/Blog\/wp-content\/uploads\/2023\/02\/MG_3508BB-300x192.jpg 300w, https:\/\/ksimonian.com\/Blog\/wp-content\/uploads\/2023\/02\/MG_3508BB-768x490.jpg 768w\" sizes=\"(max-width: 960px) 100vw, 960px\" \/><\/p>\n<p style=\"text-align: center;\">Our Holland American cruise ship docked in Halifax, Nova Scotia and then it was about a one hour drive to Peggy\u2019s Cove by bus. The scenery was quite wonderful, but what I will remember most is the wind. It was real, real gosh darn windy by the famous lighthouse that everybody visits.<br \/>\nA little Google research indicates it was 40 degrees Fahrenheit the day we visited, with wind gusts up to 50 mph by the lighthouse. More research indicates that the wind chill using those weather variables gives a reading of 9 degrees Fahrenheit. It was cold and windy.<\/p>\n<p style=\"text-align: center;\">This before and after Luminar 3 conversion was taken about 1\/4 mile from the Lighthouse.<\/p>\n<p style=\"text-align: center;\"><img decoding=\"async\" loading=\"lazy\" class=\"aligncenter size-full wp-image-11280\" src=\"https:\/\/ksimonian.com\/Blog\/wp-content\/uploads\/2023\/02\/East-Coast-1557AA.jpg\" alt=\"Cold and colorful day at Peggy's Cove in Canada - After Photo.\" width=\"960\" height=\"647\" srcset=\"https:\/\/ksimonian.com\/Blog\/wp-content\/uploads\/2023\/02\/East-Coast-1557AA.jpg 960w, https:\/\/ksimonian.com\/Blog\/wp-content\/uploads\/2023\/02\/East-Coast-1557AA-300x202.jpg 300w, https:\/\/ksimonian.com\/Blog\/wp-content\/uploads\/2023\/02\/East-Coast-1557AA-768x518.jpg 768w\" sizes=\"(max-width: 960px) 100vw, 960px\" \/><\/p>\n<p style=\"text-align: center;\"><img decoding=\"async\" loading=\"lazy\" class=\"aligncenter size-full wp-image-11279\" src=\"https:\/\/ksimonian.com\/Blog\/wp-content\/uploads\/2023\/02\/East-Coast-1557A.jpg\" alt=\"Cold and colorful day at Peggy's Cove in Canada - Before Photo.\" width=\"960\" height=\"647\" srcset=\"https:\/\/ksimonian.com\/Blog\/wp-content\/uploads\/2023\/02\/East-Coast-1557A.jpg 960w, https:\/\/ksimonian.com\/Blog\/wp-content\/uploads\/2023\/02\/East-Coast-1557A-300x202.jpg 300w, https:\/\/ksimonian.com\/Blog\/wp-content\/uploads\/2023\/02\/East-Coast-1557A-768x518.jpg 768w\" sizes=\"(max-width: 960px) 100vw, 960px\" \/><\/p>\n","protected":false},"excerpt":{"rendered":"<p>It\u2019s not\u00a0guaranteed that every morning in Maui will provide an amazing sunrise, but the chances are pretty good, so I got up early every morning to photograph the sunrise over the beach by our hotel. The fifteen day cruise aboard the Holland America cruise ship Rotterdam started in Montreal Canada, passed around the\u00a0 Southern tip [&hellip;]<\/p>\n","protected":false},"author":1,"featured_media":11445,"parent":0,"menu_order":0,"comment_status":"closed","ping_status":"closed","template":"","meta":{"ocean_post_layout":"","ocean_both_sidebars_style":"","ocean_both_sidebars_content_width":0,"ocean_both_sidebars_sidebars_width":0,"ocean_sidebar":"0","ocean_second_sidebar":"0","ocean_disable_margins":"enable","ocean_add_body_class":"","ocean_shortcode_before_top_bar":"","ocean_shortcode_after_top_bar":"","ocean_shortcode_before_header":"","ocean_shortcode_after_header":"","ocean_has_shortcode":"","ocean_shortcode_after_title":"","ocean_shortcode_before_footer_widgets":"","ocean_shortcode_after_footer_widgets":"","ocean_shortcode_before_footer_bottom":"","ocean_shortcode_after_footer_bottom":"","ocean_display_top_bar":"default","ocean_display_header":"default","ocean_header_style":"","ocean_center_header_left_menu":"0","ocean_custom_header_template":"0","ocean_custom_logo":0,"ocean_custom_retina_logo":0,"ocean_custom_logo_max_width":0,"ocean_custom_logo_tablet_max_width":0,"ocean_custom_logo_mobile_max_width":0,"ocean_custom_logo_max_height":0,"ocean_custom_logo_tablet_max_height":0,"ocean_custom_logo_mobile_max_height":0,"ocean_header_custom_menu":"0","ocean_menu_typo_font_family":"0","ocean_menu_typo_font_subset":"","ocean_menu_typo_font_size":0,"ocean_menu_typo_font_size_tablet":0,"ocean_menu_typo_font_size_mobile":0,"ocean_menu_typo_font_size_unit":"px","ocean_menu_typo_font_weight":"","ocean_menu_typo_font_weight_tablet":"","ocean_menu_typo_font_weight_mobile":"","ocean_menu_typo_transform":"","ocean_menu_typo_transform_tablet":"","ocean_menu_typo_transform_mobile":"","ocean_menu_typo_line_height":0,"ocean_menu_typo_line_height_tablet":0,"ocean_menu_typo_line_height_mobile":0,"ocean_menu_typo_line_height_unit":"","ocean_menu_typo_spacing":0,"ocean_menu_typo_spacing_tablet":0,"ocean_menu_typo_spacing_mobile":0,"ocean_menu_typo_spacing_unit":"","ocean_menu_link_color":"","ocean_menu_link_color_hover":"","ocean_menu_link_color_active":"","ocean_menu_link_background":"","ocean_menu_link_hover_background":"","ocean_menu_link_active_background":"","ocean_menu_social_links_bg":"","ocean_menu_social_hover_links_bg":"","ocean_menu_social_links_color":"","ocean_menu_social_hover_links_color":"","ocean_disable_title":"default","ocean_disable_heading":"default","ocean_post_title":"","ocean_post_subheading":"","ocean_post_title_style":"","ocean_post_title_background_color":"","ocean_post_title_background":0,"ocean_post_title_bg_image_position":"","ocean_post_title_bg_image_attachment":"","ocean_post_title_bg_image_repeat":"","ocean_post_title_bg_image_size":"","ocean_post_title_height":0,"ocean_post_title_bg_overlay":0.5,"ocean_post_title_bg_overlay_color":"","ocean_disable_breadcrumbs":"default","ocean_breadcrumbs_color":"","ocean_breadcrumbs_separator_color":"","ocean_breadcrumbs_links_color":"","ocean_breadcrumbs_links_hover_color":"","ocean_display_footer_widgets":"default","ocean_display_footer_bottom":"default","ocean_custom_footer_template":"0"},"categories":[3,2919],"tags":[2666],"_links":{"self":[{"href":"https:\/\/ksimonian.com\/Blog\/wp-json\/wp\/v2\/pages\/11250"}],"collection":[{"href":"https:\/\/ksimonian.com\/Blog\/wp-json\/wp\/v2\/pages"}],"about":[{"href":"https:\/\/ksimonian.com\/Blog\/wp-json\/wp\/v2\/types\/page"}],"author":[{"embeddable":true,"href":"https:\/\/ksimonian.com\/Blog\/wp-json\/wp\/v2\/users\/1"}],"replies":[{"embeddable":true,"href":"https:\/\/ksimonian.com\/Blog\/wp-json\/wp\/v2\/comments?post=11250"}],"version-history":[{"count":6,"href":"https:\/\/ksimonian.com\/Blog\/wp-json\/wp\/v2\/pages\/11250\/revisions"}],"predecessor-version":[{"id":11281,"href":"https:\/\/ksimonian.com\/Blog\/wp-json\/wp\/v2\/pages\/11250\/revisions\/11281"}],"wp:featuredmedia":[{"embeddable":true,"href":"https:\/\/ksimonian.com\/Blog\/wp-json\/wp\/v2\/media\/11445"}],"wp:attachment":[{"href":"https:\/\/ksimonian.com\/Blog\/wp-json\/wp\/v2\/media?parent=11250"}],"wp:term":[{"taxonomy":"category","embeddable":true,"href":"https:\/\/ksimonian.com\/Blog\/wp-json\/wp\/v2\/categories?post=11250"},{"taxonomy":"post_tag","embeddable":true,"href":"https:\/\/ksimonian.com\/Blog\/wp-json\/wp\/v2\/tags?post=11250"}],"curies":[{"name":"wp","href":"https:\/\/api.w.org\/{rel}","templated":true}]}}